{"id":14,"date":"2021-06-10T17:08:26","date_gmt":"2021-06-10T15:08:26","guid":{"rendered":"https:\/\/gedaechtnis2021.sjk-emk.de\/?page_id=14"},"modified":"2021-06-17T17:34:01","modified_gmt":"2021-06-17T15:34:01","slug":"impressum","status":"publish","type":"page","link":"https:\/\/gedaechtnis2021.sjk-emk.de\/?page_id=14","title":{"rendered":"Impressum"},"content":{"rendered":"\n<p>Herausgegeben von der Evangelisch-methodistischen Kirche<br>S\u00fcddeutsche J\u00e4hrliche Konferenz<\/p>\n\n\n\n<p>Gesch\u00e4ftsstelle:<br>S\u00fcddeutsche Konferenz<br>Giebelstra\u00dfe 16, 70499 Stuttgart<br>Telefon: 0711 86006-41<br>E-Mail: <a href=\"mailto:konferenzgeschaeftsstelle.sued@emk.de\">konferenzgeschaeftsstelle.sued@emk.de<\/a><\/p>\n\n\n\n<p>Inhaltlich Verantwortlich \u00a7 55 Abs. 2 RStV:<br>Alexander von Wascinski<br>E-Mail: <a href=\"mailto:alexander.von.wascinski@emk.de\">alexander.von.wascinski@emk.de<\/a><\/p>\n\n\n\n<p>Die durch den Anbieter erstellten Inhalte und Werke auf diesen Seiten unterliegen dem deutschen Urheberrecht. Jede Vervielf\u00e4ltigung, Bearbeitung und Verbreitung und jede Art der Verwertung au\u00dferhalb der Grenzen des Urheberrechtes bedarf der schriftlichen Zustimmung des Anbieters beziehungsweise des jeweiligen Autors. Downloads und Kopien dieser Seite sind durch den Anbieter nur f\u00fcr den privaten, nicht kommerziellen Gebrauch gestattet.<\/p>\n\n\n\n<p>Soweit Seiteninhalte nicht vom Anbieter erstellt wurden, werden die Urheberrechte Dritter beachtet. Inhalte Dritter wurden als solche gekennzeichnet. Sollten Sie trotzdem auf eine Urheberrechtsverletzung aufmerksam werden, bittet der Anbieter um einen entsprechenden Hinweis. Nach Kenntnis solcher Inhalte wird der Anbieter diese umgehend entfernen.<\/p>\n\n\n\n<p>Die Darstellung dieser Internetseite in fremden Frames ist nur mit schriftlicher Erlaubnis des Anbieters zul\u00e4ssig.<\/p>\n","protected":false},"excerpt":{"rendered":"<p>Herausgegeben von der Evangelisch-methodistischen KircheS\u00fcddeutsche J\u00e4hrliche Konferenz Gesch\u00e4ftsstelle:S\u00fcddeutsche KonferenzGiebelstra\u00dfe 16, 70499 StuttgartTelefon: 0711 86006-41E-Mail: konferenzgeschaeftsstelle.sued@emk.de Inhaltlich Verantwortlich \u00a7 55 Abs. 2 RStV:Alexander von WascinskiE-Mail: alexander.von.wascinski@emk.de Die durch den Anbieter erstellten Inhalte und Werke auf diesen Seiten unterliegen dem deutschen Urheberrecht. Jede Vervielf\u00e4ltigung, Bearbeitung und Verbreitung und jede Art der Verwertung au\u00dferhalb der Grenzen des Urheberrechtes [&hellip;]<\/p>\n","protected":false},"author":1,"featured_media":0,"parent":0,"menu_order":0,"comment_status":"closed","ping_status":"closed","template":"","meta":{"footnotes":""},"class_list":["post-14","page","type-page","status-publish","hentry","post-preview"],"_links":{"self":[{"href":"https:\/\/gedaechtnis2021.sjk-emk.de\/index.php?rest_route=\/wp\/v2\/pages\/14","targetHints":{"allow":["GET"]}}],"collection":[{"href":"https:\/\/gedaechtnis2021.sjk-emk.de\/index.php?rest_route=\/wp\/v2\/pages"}],"about":[{"href":"https:\/\/gedaechtnis2021.sjk-emk.de\/index.php?rest_route=\/wp\/v2\/types\/page"}],"author":[{"embeddable":true,"href":"https:\/\/gedaechtnis2021.sjk-emk.de\/index.php?rest_route=\/wp\/v2\/users\/1"}],"replies":[{"embeddable":true,"href":"https:\/\/gedaechtnis2021.sjk-emk.de\/index.php?rest_route=%2Fwp%2Fv2%2Fcomments&post=14"}],"version-history":[{"count":2,"href":"https:\/\/gedaechtnis2021.sjk-emk.de\/index.php?rest_route=\/wp\/v2\/pages\/14\/revisions"}],"predecessor-version":[{"id":344,"href":"https:\/\/gedaechtnis2021.sjk-emk.de\/index.php?rest_route=\/wp\/v2\/pages\/14\/revisions\/344"}],"wp:attachment":[{"href":"https:\/\/gedaechtnis2021.sjk-emk.de\/index.php?rest_route=%2Fwp%2Fv2%2Fmedia&parent=14"}],"curies":[{"name":"wp","href":"https:\/\/api.w.org\/{rel}","templated":true}]}}